{"id":1909,"date":"2023-08-18T15:31:03","date_gmt":"2023-08-18T13:31:03","guid":{"rendered":"https:\/\/aurorelemoine.com\/?post_type=product&#038;p=1909"},"modified":"2025-10-22T17:15:31","modified_gmt":"2025-10-22T15:15:31","slug":"formation-comment-creer-ou-lifter-une-carte-de-soin-qui-cartonne","status":"publish","type":"product","link":"https:\/\/aurorelemoine.com\/index.php\/produit\/formation-comment-creer-ou-lifter-une-carte-de-soin-qui-cartonne\/","title":{"rendered":"Formation agr\u00e9\u00e9e : Comment cr\u00e9er ou lifter une carte de soin qui cartonne ?"},"content":{"rendered":"<p>Plongez dans notre formation exclusive et ma\u00eetrisez l&rsquo;art de cr\u00e9er des cartes de soin \u00e0 succ\u00e8s ! De la conception de designs apaisants \u00e0 la strat\u00e9gie de tarification r\u00e9fl\u00e9chie, apprenez \u00e0 captiver vos clients. Optimisez les noms de vos offres pour un attrait irr\u00e9sistible. Rejoignez-nous d\u00e8s aujourd&rsquo;hui et transformez vos cartes de soin en incontournables.<\/p>\n","protected":false},"excerpt":{"rendered":"<p>Plongez dans notre formation exclusive et ma\u00eetrisez l&rsquo;art de cr\u00e9er des cartes de soin \u00e0 succ\u00e8s ! De la conception de designs apaisants \u00e0 la strat\u00e9gie de tarification r\u00e9fl\u00e9chie, apprenez \u00e0 captiver vos clients. Optimisez les noms de vos offres pour un attrait irr\u00e9sistible. Rejoignez-nous d\u00e8s aujourd&rsquo;hui et transformez vos cartes de soin en incontournables.<\/p>\n","protected":false},"featured_media":2331,"comment_status":"closed","ping_status":"closed","template":"","meta":[],"product_brand":[],"product_cat":[31],"product_tag":[43],"class_list":{"0":"post-1909","1":"product","2":"type-product","3":"status-publish","4":"has-post-thumbnail","6":"product_cat-formation","7":"product_tag-lifter-une-carte-de-soin-qui-cartonne-pour-son-institut","9":"first","10":"instock","11":"virtual","12":"taxable","13":"purchasable","14":"product-type-simple"},"jetpack_sharing_enabled":true,"_links":{"self":[{"href":"https:\/\/aurorelemoine.com\/index.php\/wp-json\/wp\/v2\/product\/1909","targetHints":{"allow":["GET"]}}],"collection":[{"href":"https:\/\/aurorelemoine.com\/index.php\/wp-json\/wp\/v2\/product"}],"about":[{"href":"https:\/\/aurorelemoine.com\/index.php\/wp-json\/wp\/v2\/types\/product"}],"replies":[{"embeddable":true,"href":"https:\/\/aurorelemoine.com\/index.php\/wp-json\/wp\/v2\/comments?post=1909"}],"wp:featuredmedia":[{"embeddable":true,"href":"https:\/\/aurorelemoine.com\/index.php\/wp-json\/wp\/v2\/media\/2331"}],"wp:attachment":[{"href":"https:\/\/aurorelemoine.com\/index.php\/wp-json\/wp\/v2\/media?parent=1909"}],"wp:term":[{"taxonomy":"product_brand","embeddable":true,"href":"https:\/\/aurorelemoine.com\/index.php\/wp-json\/wp\/v2\/product_brand?post=1909"},{"taxonomy":"product_cat","embeddable":true,"href":"https:\/\/aurorelemoine.com\/index.php\/wp-json\/wp\/v2\/product_cat?post=1909"},{"taxonomy":"product_tag","embeddable":true,"href":"https:\/\/aurorelemoine.com\/index.php\/wp-json\/wp\/v2\/product_tag?post=1909"}],"curies":[{"name":"wp","href":"https:\/\/api.w.org\/{rel}","templated":true}]}}